{"id":10,"date":"2018-11-26T12:45:57","date_gmt":"2018-11-26T11:45:57","guid":{"rendered":"https:\/\/websitedemos.net\/alex26\/?page_id=7"},"modified":"2025-01-14T21:50:21","modified_gmt":"2025-01-14T21:50:21","slug":"biographie","status":"publish","type":"page","link":"https:\/\/nicolasfehrenbach.fr\/index.php\/biographie\/","title":{"rendered":"Biographie"},"content":{"rendered":"\t\t<div data-elementor-type=\"wp-post\" data-elementor-id=\"10\" class=\"elementor elementor-10\">\n\t\t\t\t\t\t<section class=\"elementor-section elementor-top-section elementor-element elementor-element-688ad38 elementor-section-content-middle elementor-section-boxed elementor-section-height-default elementor-section-height-default\" data-id=\"688ad38\" data-element_type=\"section\" data-settings=\"{&quot;background_background&quot;:&quot;classic&quot;}\">\n\t\t\t\t\t\t\t<div class=\"elementor-background-overlay\"><\/div>\n\t\t\t\t\t\t\t<div class=\"elementor-container elementor-column-gap-no\">\n\t\t\t\t\t<div class=\"elementor-column elementor-col-100 elementor-top-column elementor-element elementor-element-148e58a\" data-id=\"148e58a\" data-element_type=\"column\">\n\t\t\t<div class=\"elementor-widget-wrap elementor-element-populated\">\n\t\t\t\t\t\t<div class=\"elementor-element elementor-element-d915ffa elementor-widget elementor-widget-heading\" data-id=\"d915ffa\" data-element_type=\"widget\" data-widget_type=\"heading.default\">\n\t\t\t\t<div class=\"elementor-widget-container\">\n\t\t\t\t\t<h1 class=\"elementor-heading-title elementor-size-default\">Biographie<\/h1>\t\t\t\t<\/div>\n\t\t\t\t<\/div>\n\t\t\t\t\t<\/div>\n\t\t<\/div>\n\t\t\t\t\t<\/div>\n\t\t<\/section>\n\t\t\t\t<section class=\"elementor-section elementor-top-section elementor-element elementor-element-303906c elementor-section-content-top elementor-section-boxed elementor-section-height-default elementor-section-height-default\" data-id=\"303906c\" data-element_type=\"section\">\n\t\t\t\t\t\t<div class=\"elementor-container elementor-column-gap-no\">\n\t\t\t\t\t<div class=\"elementor-column elementor-col-100 elementor-top-column elementor-element elementor-element-d067b90\" data-id=\"d067b90\" data-element_type=\"column\">\n\t\t\t<div class=\"elementor-widget-wrap elementor-element-populated\">\n\t\t\t\t\t\t<div class=\"elementor-element elementor-element-a2dcc47 elementor-widget elementor-widget-text-editor\" data-id=\"a2dcc47\" data-element_type=\"widget\" data-widget_type=\"text-editor.default\">\n\t\t\t\t<div class=\"elementor-widget-container\">\n\t\t\t\t\t\t\t\t\t<p>Pianiste, r\u00e9citaliste, accompagnateur et chef de chant, <strong>Nicolas<\/strong><br \/><strong>FEHRENBACH<\/strong> a \u00e9t\u00e9 d\u2019octobre 2002 \u00e0 septembre 2010 le pianiste du <strong>ch\u0153ur de l\u2019orchestre de Paris<\/strong> (Dir.: Didier BOUTURE &amp; Geoffroy JOURDAIN).<\/p><p>Il assurait les r\u00e9p\u00e9titions avec des chefs tels que Pierre BOULEZ,<br \/>Christoph ESCHENBACH, Paavo J\u00c4RVI, Esa Pekka SALONEN&#8230; Il se produit en concert avec le choeur de l&rsquo;orchestre de Paris au th\u00e9atre Mogador ainsi qu&rsquo;\u00e0 la Salle Pleyel.<\/p><p>Il a \u00e9galement travaill\u00e9 avec le <strong>choeur de chambre de Paris, les cris <\/strong><strong>de Paris<\/strong>, <strong>Accentus, les M\u00e9taboles<\/strong>&#8230;, Sous la direction de Laurence EQUILBEY, Bernard T\u00caTU, Michel PIQUEMAL, Eric DELTOUR, L\u00e9o WARYNSKI&#8230;<\/p><p>Il a assur\u00e9 fr\u00e9quemment les r\u00e9p\u00e9titions pour les chanteurs \u00e0 <strong>l\u2019orchestre <\/strong><strong>national de Lille<\/strong> (Jean-Claude CASADESUS).<\/p><p>Il joue au sein de <strong>l<\/strong>\u2019<strong>orchestre de Picardie<\/strong> (Dir.: Arie van BEEK), de <strong>l\u2019orchestre National de Lille<\/strong> (Alexandre BLOCH), de <strong>l\u2019orchestre de Paris<\/strong> (Fran\u00e7ois-Xavier ROTH), de <strong>l\u2019orchestre <\/strong><strong>Philharmonique du Luxembourg<\/strong> (Gustavo GIMENO) et de <strong>l\u2019orchestre philharmonique de Radio-France<\/strong> o\u00f9 il a l\u2019occasion de travailler avec Miu Wung CHUNG et Armin JORDAN.<\/p><p>Il a aussi travaill\u00e9 \u00e0 l\u2019<b>Ensemble Intercontemporain<\/b>, sous la direction de Susanna M\u00e4lkki<\/p>\t\t\t\t\t\t\t\t<\/div>\n\t\t\t\t<\/div>\n\t\t\t\t\t<\/div>\n\t\t<\/div>\n\t\t\t\t\t<\/div>\n\t\t<\/section>\n\t\t\t\t<section class=\"elementor-section elementor-top-section elementor-element elementor-element-00570fb elementor-section-boxed elementor-section-height-default elementor-section-height-default\" data-id=\"00570fb\" data-element_type=\"section\">\n\t\t\t\t\t\t<div class=\"elementor-container elementor-column-gap-default\">\n\t\t\t\t\t<div class=\"elementor-column elementor-col-100 elementor-top-column elementor-element elementor-element-6fd2788\" data-id=\"6fd2788\" data-element_type=\"column\">\n\t\t\t<div class=\"elementor-widget-wrap elementor-element-populated\">\n\t\t\t\t\t\t<div class=\"elementor-element elementor-element-4164190 elementor-widget elementor-widget-text-editor\" data-id=\"4164190\" data-element_type=\"widget\" data-widget_type=\"text-editor.default\">\n\t\t\t\t<div class=\"elementor-widget-container\">\n\t\t\t\t\t\t\t\t\t<p>Il se produit en <strong>r\u00e9citals avec chanteurs<\/strong> (Natalie DESSAY, Laurent NAOURI, Till FECHNER, Francine ROMAIN, Sophie HERV\u00c9, Didier HENRY, Jean Pierre CADIGNAN, Catherine DUNE, St\u00e9phanie GOUILLY&#8230;) ou en 4 mains et 2 pianos avec Christine LAJARRIGE (Salle PLEYEL, Op\u00e9ra Comique, PEKIN&#8230;) ainsi qu\u2019avec Ang\u00e9lique Gimay.<\/p>\n<p>Il participe \u00e0 de nombreuses cr\u00e9ations (Fr\u00e9d\u00e9ric DURIEUX, Philippe HERSANT, Nicolas FRIZE, entre autres). Il participe, de 2012 \u00e0 2014, avec \u00c9ric DELTOUR, au Festival de Puycelsi.<br>Depuis 2016, il est le pianiste du <b>choeur Air France<\/b> (Direction Anne LAFFILHE).<\/p>\n<p>Il a \u00e9t\u00e9 \u00e9galement conseiller musical pour l\u2019application Metronaut<br>(application d\u2019accompagnement musical), pour laquelle il a enregistr\u00e9 des accompagnements.<\/p>\n<div dir=\"ltr\">Il enseigne le d\u00e9chiffrage et l\u2019harmonie au clavier depuis 1991 au Conservatoire \u00e0 Rayonnement Communal de Sarcelles.<\/div>\n<div dir=\"ltr\">De f\u00e9vrier 2022 \u00e0 janvier 2024 il a enseign\u00e9 la m\u00e9lodie et le Lied aux Conservatoires du 6\u00e8me et du 10\u00e8me arrondissements de Paris.<\/div>\n<div dir=\"ltr\">&nbsp;<\/div>\t\t\t\t\t\t\t\t<\/div>\n\t\t\t\t<\/div>\n\t\t\t\t\t<\/div>\n\t\t<\/div>\n\t\t\t\t\t<\/div>\n\t\t<\/section>\n\t\t\t\t<\/div>\n\t\t","protected":false},"excerpt":{"rendered":"<p>Biographie Pianiste, r\u00e9citaliste, accompagnateur et chef de chant, NicolasFEHRENBACH a \u00e9t\u00e9 d\u2019octobre 2002 \u00e0 septembre 2010 le pianiste du ch\u0153ur de l\u2019orchestre de Paris (Dir.: Didier BOUTURE &amp; Geoffroy JOURDAIN). Il assurait les r\u00e9p\u00e9titions avec des chefs tels que Pierre BOULEZ,Christoph ESCHENBACH, Paavo J\u00c4RVI, Esa Pekka SALONEN&#8230; Il se produit en concert avec le choeur [&hellip;]<\/p>\n","protected":false},"author":1,"featured_media":0,"parent":0,"menu_order":0,"comment_status":"closed","ping_status":"closed","template":"","meta":{"site-sidebar-layout":"no-sidebar","site-content-layout":"page-builder","ast-site-content-layout":"","site-content-style":"default","site-sidebar-style":"default","ast-global-header-display":"","ast-banner-title-visibility":"","ast-main-header-display":"","ast-hfb-above-header-display":"","ast-hfb-below-header-display":"","ast-hfb-mobile-header-display":"","site-post-title":"disabled","ast-breadcrumbs-content":"","ast-featured-img":"disabled","footer-sml-layout":"","theme-transparent-header-meta":"enabled","adv-header-id-meta":"","stick-header-meta":"","header-above-stick-meta":"","header-main-stick-meta":"","header-below-stick-meta":"","astra-migrate-meta-layouts":"default","ast-page-background-enabled":"default","ast-page-background-meta":{"desktop":{"background-color":"","background-image":"","background-repeat":"repeat","background-position":"center center","background-size":"auto","background-attachment":"scroll","background-type":"","background-media":"","overlay-type":"","overlay-color":"","overlay-opacity":"","overlay-gradient":""},"tablet":{"background-color":"","background-image":"","background-repeat":"repeat","background-position":"center center","background-size":"auto","background-attachment":"scroll","background-type":"","background-media":"","overlay-type":"","overlay-color":"","overlay-opacity":"","overlay-gradient":""},"mobile":{"background-color":"","background-image":"","background-repeat":"repeat","background-position":"center center","background-size":"auto","background-attachment":"scroll","background-type":"","background-media":"","overlay-type":"","overlay-color":"","overlay-opacity":"","overlay-gradient":""}},"ast-content-background-meta":{"desktop":{"background-color":"var(--ast-global-color-5)","background-image":"","background-repeat":"repeat","background-position":"center center","background-size":"auto","background-attachment":"scroll","background-type":"","background-media":"","overlay-type":"","overlay-color":"","overlay-opacity":"","overlay-gradient":""},"tablet":{"background-color":"var(--ast-global-color-5)","background-image":"","background-repeat":"repeat","background-position":"center center","background-size":"auto","background-attachment":"scroll","background-type":"","background-media":"","overlay-type":"","overlay-color":"","overlay-opacity":"","overlay-gradient":""},"mobile":{"background-color":"var(--ast-global-color-5)","background-image":"","background-repeat":"repeat","background-position":"center center","background-size":"auto","background-attachment":"scroll","background-type":"","background-media":"","overlay-type":"","overlay-color":"","overlay-opacity":"","overlay-gradient":""}},"footnotes":""},"class_list":["post-10","page","type-page","status-publish","hentry"],"yoast_head":"<!-- This site is optimized with the Yoast SEO plugin v24.2 - https:\/\/yoast.com\/wordpress\/plugins\/seo\/ -->\n<title>Biographie - Nicolas Fehrenbach - Pianiste, r\u00e9citaliste, accompagnateur et chef de chant<\/title>\n<meta name=\"robots\" content=\"index, follow, max-snippet:-1, max-image-preview:large, max-video-preview:-1\" \/>\n<link rel=\"canonical\" href=\"https:\/\/nicolasfehrenbach.fr\/index.php\/biographie\/\" \/>\n<meta property=\"og:locale\" content=\"fr_FR\" \/>\n<meta property=\"og:type\" content=\"article\" \/>\n<meta property=\"og:title\" content=\"Biographie - Nicolas Fehrenbach - Pianiste, r\u00e9citaliste, accompagnateur et chef de chant\" \/>\n<meta property=\"og:description\" content=\"Biographie Pianiste, r\u00e9citaliste, accompagnateur et chef de chant, NicolasFEHRENBACH a \u00e9t\u00e9 d\u2019octobre 2002 \u00e0 septembre 2010 le pianiste du ch\u0153ur de l\u2019orchestre de Paris (Dir.: Didier BOUTURE &amp; Geoffroy JOURDAIN). Il assurait les r\u00e9p\u00e9titions avec des chefs tels que Pierre BOULEZ,Christoph ESCHENBACH, Paavo J\u00c4RVI, Esa Pekka SALONEN&#8230; Il se produit en concert avec le choeur [&hellip;]\" \/>\n<meta property=\"og:url\" content=\"https:\/\/nicolasfehrenbach.fr\/index.php\/biographie\/\" \/>\n<meta property=\"og:site_name\" content=\"Nicolas Fehrenbach - Pianiste, r\u00e9citaliste, accompagnateur et chef de chant\" \/>\n<meta property=\"article:modified_time\" content=\"2025-01-14T21:50:21+00:00\" \/>\n<meta name=\"twitter:card\" content=\"summary_large_image\" \/>\n<meta name=\"twitter:label1\" content=\"Dur\u00e9e de lecture estim\u00e9e\" \/>\n\t<meta name=\"twitter:data1\" content=\"2 minutes\" \/>\n<script type=\"application\/ld+json\" class=\"yoast-schema-graph\">{\"@context\":\"https:\/\/schema.org\",\"@graph\":[{\"@type\":\"WebPage\",\"@id\":\"https:\/\/nicolasfehrenbach.fr\/index.php\/biographie\/\",\"url\":\"https:\/\/nicolasfehrenbach.fr\/index.php\/biographie\/\",\"name\":\"Biographie - Nicolas Fehrenbach - Pianiste, r\u00e9citaliste, accompagnateur et chef de chant\",\"isPartOf\":{\"@id\":\"https:\/\/nicolasfehrenbach.fr\/#website\"},\"datePublished\":\"2018-11-26T11:45:57+00:00\",\"dateModified\":\"2025-01-14T21:50:21+00:00\",\"breadcrumb\":{\"@id\":\"https:\/\/nicolasfehrenbach.fr\/index.php\/biographie\/#breadcrumb\"},\"inLanguage\":\"fr-FR\",\"potentialAction\":[{\"@type\":\"ReadAction\",\"target\":[\"https:\/\/nicolasfehrenbach.fr\/index.php\/biographie\/\"]}]},{\"@type\":\"BreadcrumbList\",\"@id\":\"https:\/\/nicolasfehrenbach.fr\/index.php\/biographie\/#breadcrumb\",\"itemListElement\":[{\"@type\":\"ListItem\",\"position\":1,\"name\":\"Home\",\"item\":\"https:\/\/nicolasfehrenbach.fr\/\"},{\"@type\":\"ListItem\",\"position\":2,\"name\":\"Biographie\"}]},{\"@type\":\"WebSite\",\"@id\":\"https:\/\/nicolasfehrenbach.fr\/#website\",\"url\":\"https:\/\/nicolasfehrenbach.fr\/\",\"name\":\"Nicolas Fehrenbach - Pianiste, r\u00e9citaliste, accompagnateur et chef de chant\",\"description\":\"Pianiste, r\u00e9citaliste, accompagnateur et chef de chant\",\"publisher\":{\"@id\":\"https:\/\/nicolasfehrenbach.fr\/#\/schema\/person\/56fef4820686139dcce7b7662c80e78a\"},\"potentialAction\":[{\"@type\":\"SearchAction\",\"target\":{\"@type\":\"EntryPoint\",\"urlTemplate\":\"https:\/\/nicolasfehrenbach.fr\/?s={search_term_string}\"},\"query-input\":{\"@type\":\"PropertyValueSpecification\",\"valueRequired\":true,\"valueName\":\"search_term_string\"}}],\"inLanguage\":\"fr-FR\"},{\"@type\":[\"Person\",\"Organization\"],\"@id\":\"https:\/\/nicolasfehrenbach.fr\/#\/schema\/person\/56fef4820686139dcce7b7662c80e78a\",\"name\":\"Nicolas Fehrenbach\",\"image\":{\"@type\":\"ImageObject\",\"inLanguage\":\"fr-FR\",\"@id\":\"https:\/\/nicolasfehrenbach.fr\/#\/schema\/person\/image\/\",\"url\":\"https:\/\/secure.gravatar.com\/avatar\/cad5a0fd68b522e4a5167c07fe3ee184?s=96&d=mm&r=g\",\"contentUrl\":\"https:\/\/secure.gravatar.com\/avatar\/cad5a0fd68b522e4a5167c07fe3ee184?s=96&d=mm&r=g\",\"caption\":\"Nicolas Fehrenbach\"},\"logo\":{\"@id\":\"https:\/\/nicolasfehrenbach.fr\/#\/schema\/person\/image\/\"},\"sameAs\":[\"http:\/\/nicolasfehrenbach.fr\"]}]}<\/script>\n<!-- \/ Yoast SEO plugin. -->","yoast_head_json":{"title":"Biographie - Nicolas Fehrenbach - Pianiste, r\u00e9citaliste, accompagnateur et chef de chant","robots":{"index":"index","follow":"follow","max-snippet":"max-snippet:-1","max-image-preview":"max-image-preview:large","max-video-preview":"max-video-preview:-1"},"canonical":"https:\/\/nicolasfehrenbach.fr\/index.php\/biographie\/","og_locale":"fr_FR","og_type":"article","og_title":"Biographie - Nicolas Fehrenbach - Pianiste, r\u00e9citaliste, accompagnateur et chef de chant","og_description":"Biographie Pianiste, r\u00e9citaliste, accompagnateur et chef de chant, NicolasFEHRENBACH a \u00e9t\u00e9 d\u2019octobre 2002 \u00e0 septembre 2010 le pianiste du ch\u0153ur de l\u2019orchestre de Paris (Dir.: Didier BOUTURE &amp; Geoffroy JOURDAIN). Il assurait les r\u00e9p\u00e9titions avec des chefs tels que Pierre BOULEZ,Christoph ESCHENBACH, Paavo J\u00c4RVI, Esa Pekka SALONEN&#8230; Il se produit en concert avec le choeur [&hellip;]","og_url":"https:\/\/nicolasfehrenbach.fr\/index.php\/biographie\/","og_site_name":"Nicolas Fehrenbach - Pianiste, r\u00e9citaliste, accompagnateur et chef de chant","article_modified_time":"2025-01-14T21:50:21+00:00","twitter_card":"summary_large_image","twitter_misc":{"Dur\u00e9e de lecture estim\u00e9e":"2 minutes"},"schema":{"@context":"https:\/\/schema.org","@graph":[{"@type":"WebPage","@id":"https:\/\/nicolasfehrenbach.fr\/index.php\/biographie\/","url":"https:\/\/nicolasfehrenbach.fr\/index.php\/biographie\/","name":"Biographie - Nicolas Fehrenbach - Pianiste, r\u00e9citaliste, accompagnateur et chef de chant","isPartOf":{"@id":"https:\/\/nicolasfehrenbach.fr\/#website"},"datePublished":"2018-11-26T11:45:57+00:00","dateModified":"2025-01-14T21:50:21+00:00","breadcrumb":{"@id":"https:\/\/nicolasfehrenbach.fr\/index.php\/biographie\/#breadcrumb"},"inLanguage":"fr-FR","potentialAction":[{"@type":"ReadAction","target":["https:\/\/nicolasfehrenbach.fr\/index.php\/biographie\/"]}]},{"@type":"BreadcrumbList","@id":"https:\/\/nicolasfehrenbach.fr\/index.php\/biographie\/#breadcrumb","itemListElement":[{"@type":"ListItem","position":1,"name":"Home","item":"https:\/\/nicolasfehrenbach.fr\/"},{"@type":"ListItem","position":2,"name":"Biographie"}]},{"@type":"WebSite","@id":"https:\/\/nicolasfehrenbach.fr\/#website","url":"https:\/\/nicolasfehrenbach.fr\/","name":"Nicolas Fehrenbach - Pianiste, r\u00e9citaliste, accompagnateur et chef de chant","description":"Pianiste, r\u00e9citaliste, accompagnateur et chef de chant","publisher":{"@id":"https:\/\/nicolasfehrenbach.fr\/#\/schema\/person\/56fef4820686139dcce7b7662c80e78a"},"potentialAction":[{"@type":"SearchAction","target":{"@type":"EntryPoint","urlTemplate":"https:\/\/nicolasfehrenbach.fr\/?s={search_term_string}"},"query-input":{"@type":"PropertyValueSpecification","valueRequired":true,"valueName":"search_term_string"}}],"inLanguage":"fr-FR"},{"@type":["Person","Organization"],"@id":"https:\/\/nicolasfehrenbach.fr\/#\/schema\/person\/56fef4820686139dcce7b7662c80e78a","name":"Nicolas Fehrenbach","image":{"@type":"ImageObject","inLanguage":"fr-FR","@id":"https:\/\/nicolasfehrenbach.fr\/#\/schema\/person\/image\/","url":"https:\/\/secure.gravatar.com\/avatar\/cad5a0fd68b522e4a5167c07fe3ee184?s=96&d=mm&r=g","contentUrl":"https:\/\/secure.gravatar.com\/avatar\/cad5a0fd68b522e4a5167c07fe3ee184?s=96&d=mm&r=g","caption":"Nicolas Fehrenbach"},"logo":{"@id":"https:\/\/nicolasfehrenbach.fr\/#\/schema\/person\/image\/"},"sameAs":["http:\/\/nicolasfehrenbach.fr"]}]}},"_links":{"self":[{"href":"https:\/\/nicolasfehrenbach.fr\/index.php\/wp-json\/wp\/v2\/pages\/10","targetHints":{"allow":["GET"]}}],"collection":[{"href":"https:\/\/nicolasfehrenbach.fr\/index.php\/wp-json\/wp\/v2\/pages"}],"about":[{"href":"https:\/\/nicolasfehrenbach.fr\/index.php\/wp-json\/wp\/v2\/types\/page"}],"author":[{"embeddable":true,"href":"https:\/\/nicolasfehrenbach.fr\/index.php\/wp-json\/wp\/v2\/users\/1"}],"replies":[{"embeddable":true,"href":"https:\/\/nicolasfehrenbach.fr\/index.php\/wp-json\/wp\/v2\/comments?post=10"}],"version-history":[{"count":35,"href":"https:\/\/nicolasfehrenbach.fr\/index.php\/wp-json\/wp\/v2\/pages\/10\/revisions"}],"predecessor-version":[{"id":740,"href":"https:\/\/nicolasfehrenbach.fr\/index.php\/wp-json\/wp\/v2\/pages\/10\/revisions\/740"}],"wp:attachment":[{"href":"https:\/\/nicolasfehrenbach.fr\/index.php\/wp-json\/wp\/v2\/media?parent=10"}],"curies":[{"name":"wp","href":"https:\/\/api.w.org\/{rel}","templated":true}]}}